
{"id":188,"date":"2020-11-29T20:47:39","date_gmt":"2020-11-29T19:47:39","guid":{"rendered":"https:\/\/advocatesforanimals.ch\/justice\/?page_id=188"},"modified":"2022-02-25T07:56:55","modified_gmt":"2022-02-25T06:56:55","slug":"warum-vegan","status":"publish","type":"page","link":"https:\/\/advocatesforanimals.ch\/justice\/","title":{"rendered":"Warum Vegan"},"content":{"rendered":"\n<h2 class=\"wp-block-heading\">Vegane Dokumentationen<\/h2>\n\n\n<p>Es ist ein weitverbreiteter Irrglaube, die Tiere w\u00fcrden im eigenen Land besser als anderswo behandelt. Und selbst wenn, ist besser gut genug? Nein!<\/p>\n<p>Folgende Aufnahmen von <a href=\"https:\/\/www.1individuum.ch\/\">1Individuum<\/a> wurden in der Schweiz aufgenommen.<\/p>\n<p><video preload=\"metadata\" controls=\"controls\" width=\"100%\" height=\"100%\"><source src=\"https:\/\/advocatesforanimals.ch\/justice\/wp-content\/uploads\/sites\/2\/1609\/96\/file.mp4#t=0.001\" type=\"video\/mp4\" \/>Your browser does not support the video tag.<\/video><\/p>\n<p><span style=\"color: #ffffff;\">&#8211;<\/span><\/p>\n<p>Weltweit werden Tiere ausgebeutet, nicht nur f\u00fcr Nahrung, sondern auch f\u00fcr Kleidung (Leder, Pelz, Daunen), zur Unterhaltung (Zoo, Zirkus, Sport) oder bei Tierversuchen (f\u00fcr Medikamente oder Kosmetika).<\/p>\n<p>Der Film &#8222;Dominion&#8220; verschafft einen \u00dcberblick.<span style=\"color: #ffffff;\">&#8211;<\/span><span style=\"color: #ffffff;\">&#8211;<\/span><\/p>\n\n\n<div style=\"padding:56.25% 0 0 0;position:relative;\"><iframe src=\"https:\/\/player.vimeo.com\/video\/287198767?h=e17b521d92&#038;portrait=0\" style=\"position:absolute;top:0;left:0;width:100%;height:100%;\" frameborder=\"0\" allow=\"autoplay; fullscreen; picture-in-picture\" allowfullscreen><\/iframe><\/div><script src=\"https:\/\/player.vimeo.com\/api\/player.js\"><\/script>\n\n\n\n<p>Auch ohne schlimme Bilder und nach logischen Gesichtspunkten f\u00e4llt die Entscheidung leicht.<\/p>\n\n\n\n<h3 class=\"wp-block-heading\">Weitere Gr\u00fcnde f\u00fcr eine vegane Lebensweise<\/h3>\n\n\n\n<div class=\"wp-block-columns is-layout-flex wp-container-core-columns-is-layout-9d6595d7 wp-block-columns-is-layout-flex\">\n<div class=\"wp-block-column is-layout-flow wp-block-column-is-layout-flow\" style=\"flex-basis:66.66%\">\n<figure class=\"wp-block-image size-large\"><a href=\"https:\/\/www.whatthehealthfilm.com\/\"><img loading=\"lazy\" decoding=\"async\" width=\"1000\" height=\"588\" src=\"https:\/\/advocatesforanimals.ch\/justice\/wp-content\/uploads\/sites\/2\/2020\/12\/Whatthehealth.jpg\" alt=\"What the health - Vegan ist gut f\u00fcr die Gesundheit\" class=\"wp-image-313\" srcset=\"https:\/\/advocatesforanimals.ch\/justice\/wp-content\/uploads\/sites\/2\/2020\/12\/Whatthehealth.jpg 1000w, https:\/\/advocatesforanimals.ch\/justice\/wp-content\/uploads\/sites\/2\/2020\/12\/Whatthehealth-300x176.jpg 300w, https:\/\/advocatesforanimals.ch\/justice\/wp-content\/uploads\/sites\/2\/2020\/12\/Whatthehealth-768x452.jpg 768w, https:\/\/advocatesforanimals.ch\/justice\/wp-content\/uploads\/sites\/2\/2020\/12\/Whatthehealth-459x270.jpg 459w, https:\/\/advocatesforanimals.ch\/justice\/wp-content\/uploads\/sites\/2\/2020\/12\/Whatthehealth-850x500.jpg 850w\" sizes=\"auto, (max-width: 1000px) 100vw, 1000px\" \/><\/a><\/figure>\n<\/div>\n\n\n\n<div class=\"wp-block-column is-layout-flow wp-block-column-is-layout-flow\" style=\"flex-basis:33.33%\">\n<p class=\"has-text-align-left\">Mit dem Konsum von Tierprodukten schadet man nicht nur Tieren, sondern auch der eigenen Gesundheit.<\/p>\n\n\n\n<p class=\"has-text-align-left\"><a href=\"https:\/\/www.whatthehealthfilm.com\/\">www.whatthehealthfilm.com<\/a> oder auf <a href=\"https:\/\/www.netflix.com\/title\/80174177\">Netflix<\/a><\/p>\n<\/div>\n<\/div>\n\n\n\n<div class=\"wp-block-columns is-layout-flex wp-container-core-columns-is-layout-9d6595d7 wp-block-columns-is-layout-flex\">\n<div class=\"wp-block-column is-layout-flow wp-block-column-is-layout-flow\" style=\"flex-basis:66.66%\">\n<figure class=\"wp-block-image size-large\"><a href=\"https:\/\/www.cowspiracy.com\/\"><img loading=\"lazy\" decoding=\"async\" width=\"1000\" height=\"636\" src=\"https:\/\/advocatesforanimals.ch\/justice\/wp-content\/uploads\/sites\/2\/2020\/12\/cowspiracy_cow.jpg\" alt=\"Cowspiracy - Vegan ist gut f\u00fcr die Umwelt\" class=\"wp-image-312\" srcset=\"https:\/\/advocatesforanimals.ch\/justice\/wp-content\/uploads\/sites\/2\/2020\/12\/cowspiracy_cow.jpg 1000w, https:\/\/advocatesforanimals.ch\/justice\/wp-content\/uploads\/sites\/2\/2020\/12\/cowspiracy_cow-300x191.jpg 300w, https:\/\/advocatesforanimals.ch\/justice\/wp-content\/uploads\/sites\/2\/2020\/12\/cowspiracy_cow-768x488.jpg 768w, https:\/\/advocatesforanimals.ch\/justice\/wp-content\/uploads\/sites\/2\/2020\/12\/cowspiracy_cow-425x270.jpg 425w, https:\/\/advocatesforanimals.ch\/justice\/wp-content\/uploads\/sites\/2\/2020\/12\/cowspiracy_cow-850x541.jpg 850w\" sizes=\"auto, (max-width: 1000px) 100vw, 1000px\" \/><\/a><\/figure>\n<\/div>\n\n\n\n<div class=\"wp-block-column is-layout-flow wp-block-column-is-layout-flow\" style=\"flex-basis:33.33%\">\n<p class=\"has-text-align-left\">Auch die Umwelt und unser Planet nimmt riesigen Schaden.<\/p>\n\n\n\n<p class=\"has-text-align-left\"><a href=\"https:\/\/www.cowspiracy.com\/\">www.cowspiracy.com<\/a> oder auf <a href=\"https:\/\/www.netflix.com\/title\/80033772\">Netflix<\/a><\/p>\n<\/div>\n<\/div>\n\n\n\n<div class=\"wp-block-columns is-layout-flex wp-container-core-columns-is-layout-9d6595d7 wp-block-columns-is-layout-flex\">\n<div class=\"wp-block-column is-layout-flow wp-block-column-is-layout-flow\" style=\"flex-basis:66.66%\">\n<figure class=\"wp-block-image size-large\"><a href=\"https:\/\/www.seaspiracy.org\/\"><img loading=\"lazy\" decoding=\"async\" width=\"1024\" height=\"576\" src=\"https:\/\/advocatesforanimals.ch\/justice\/wp-content\/uploads\/sites\/2\/2021\/04\/seaspiracy.jpg\" alt=\"\" class=\"wp-image-498\" srcset=\"https:\/\/advocatesforanimals.ch\/justice\/wp-content\/uploads\/sites\/2\/2021\/04\/seaspiracy.jpg 1024w, https:\/\/advocatesforanimals.ch\/justice\/wp-content\/uploads\/sites\/2\/2021\/04\/seaspiracy-300x169.jpg 300w, https:\/\/advocatesforanimals.ch\/justice\/wp-content\/uploads\/sites\/2\/2021\/04\/seaspiracy-768x432.jpg 768w, https:\/\/advocatesforanimals.ch\/justice\/wp-content\/uploads\/sites\/2\/2021\/04\/seaspiracy-480x270.jpg 480w, https:\/\/advocatesforanimals.ch\/justice\/wp-content\/uploads\/sites\/2\/2021\/04\/seaspiracy-850x478.jpg 850w\" sizes=\"auto, (max-width: 1024px) 100vw, 1024px\" \/><\/a><\/figure>\n<\/div>\n\n\n\n<div class=\"wp-block-column is-layout-flow wp-block-column-is-layout-flow\" style=\"flex-basis:33.33%\">\n<p class=\"has-text-align-left\">Die Auswirkungen des Menschen hat Einfluss auf das Leben im Meer, Plastikm\u00fcll und \u00dcberfischung. Die kommerzielle Fischerei ist die Hauptursache f\u00fcr die Zerst\u00f6rung des marinen \u00d6kosystems.<\/p>\n\n\n\n<p class=\"has-text-align-left\"><a href=\"https:\/\/www.seaspiracy.org\/\">www.seaspiracy.org<\/a> oder auf <a href=\"https:\/\/www.netflix.com\/title\/81014008\">Netflix<\/a><\/p>\n<\/div>\n<\/div>\n\n\n\n<h2 class=\"wp-block-heading\">Vegane Buchempfehlungen<\/h2>\n\n\n\n<div class=\"wp-block-columns is-layout-flex wp-container-core-columns-is-layout-9d6595d7 wp-block-columns-is-layout-flex\">\n<div class=\"wp-block-column is-layout-flow wp-block-column-is-layout-flow\" style=\"flex-basis:33.33%\">\n<figure class=\"wp-block-image size-large\"><a href=\"https:\/\/www.orellfuessli.ch\/shop\/home\/suggestartikel\/ID45320696.html?sq=How%20Not%20To%20Die&amp;stype=productName\"><img loading=\"lazy\" decoding=\"async\" width=\"356\" height=\"500\" src=\"https:\/\/advocatesforanimals.ch\/justice\/wp-content\/uploads\/sites\/2\/2020\/12\/diebook.jpg\" alt=\"How not to Die - Vegan ist gut f\u00fcr die Gesundheit\" class=\"wp-image-362\" srcset=\"https:\/\/advocatesforanimals.ch\/justice\/wp-content\/uploads\/sites\/2\/2020\/12\/diebook.jpg 356w, https:\/\/advocatesforanimals.ch\/justice\/wp-content\/uploads\/sites\/2\/2020\/12\/diebook-214x300.jpg 214w, https:\/\/advocatesforanimals.ch\/justice\/wp-content\/uploads\/sites\/2\/2020\/12\/diebook-192x270.jpg 192w\" sizes=\"auto, (max-width: 356px) 100vw, 356px\" \/><\/a><\/figure>\n<\/div>\n\n\n\n<div class=\"wp-block-column is-layout-flow wp-block-column-is-layout-flow\" style=\"flex-basis:66.66%\">\n<p class=\"has-text-align-left\">In &#8222;How Not To Die&#8220; analysiert Greger die h\u00e4ufigsten 15 Todesursachen der westlichen Welt, zu denen z. B. Herzerkrankungen, Krebs, Diabetes, Bluthochdruck und Parkinson z\u00e4hlen, und erl\u00e4utert auf Basis der neuesten wissenschaftlichen Forschungsergebnisse, wie diese verhindert, in ihrer Entstehung aufgehalten oder sogar r\u00fcckg\u00e4ngig gemacht werden k\u00f6nnen.<\/p>\n<\/div>\n<\/div>\n\n\n\n<div class=\"wp-block-columns is-layout-flex wp-container-core-columns-is-layout-9d6595d7 wp-block-columns-is-layout-flex\">\n<div class=\"wp-block-column is-layout-flow wp-block-column-is-layout-flow\" style=\"flex-basis:33.33%\">\n<figure class=\"wp-block-image size-large\"><a href=\"https:\/\/www.orellfuessli.ch\/shop\/home\/artikeldetails\/ID145735510.html\"><img loading=\"lazy\" decoding=\"async\" width=\"428\" height=\"600\" src=\"https:\/\/advocatesforanimals.ch\/justice\/wp-content\/uploads\/sites\/2\/2020\/12\/klischeebook.jpeg\" alt=\"Vegan Klischee ade! - Niko kl\u00e4rt auf zum Thema Veganismus\" class=\"wp-image-363\" srcset=\"https:\/\/advocatesforanimals.ch\/justice\/wp-content\/uploads\/sites\/2\/2020\/12\/klischeebook.jpeg 428w, https:\/\/advocatesforanimals.ch\/justice\/wp-content\/uploads\/sites\/2\/2020\/12\/klischeebook-214x300.jpeg 214w, https:\/\/advocatesforanimals.ch\/justice\/wp-content\/uploads\/sites\/2\/2020\/12\/klischeebook-193x270.jpeg 193w\" sizes=\"auto, (max-width: 428px) 100vw, 428px\" \/><\/a><\/figure>\n<\/div>\n\n\n\n<div class=\"wp-block-column is-layout-flow wp-block-column-is-layout-flow\" style=\"flex-basis:66.66%\">\n<p class=\"has-text-align-left\">&#8222;Vegan-Klischee ade!&#8220; r\u00e4umt evidenzbasiert mit den h\u00e4ufigsten Vorurteilen gegen\u00fcber der veganen Ern\u00e4hrung auf. Wissenschaftlich fundiert, aber allgemein verst\u00e4ndlich, beantwortet das Buch wichtige Fragen zur Versorgung mit essentiellen N\u00e4hrstoffen und entkr\u00e4ftet weit verbreitete Mythen \u00fcber die pflanzliche Ern\u00e4hrung.<\/p>\n<\/div>\n<\/div>\n\n\n\n<p>Nur durch eine Vegane Lebensweise k\u00f6nnen zust\u00e4nde wie hier gezeigt verhindert werden. Wie das geht erf\u00e4hrst du hier. <strong>\u201e<\/strong><a title=\"Wie Vegan\" href=\"https:\/\/advocatesforanimals.ch\/justice\/wie-vegan\/\">Wie Vegan<\/a><strong>\u201c<\/strong><\/p>\n","protected":false},"excerpt":{"rendered":"<p>Vegane Dokumentationen Es ist ein weitverbreiteter Irrglaube, die Tiere w\u00fcrden im eigenen Land besser als anderswo behandelt. Und selbst wenn, ist besser gut genug? Nein! Folgende Aufnahmen von 1Individuum wurden in der Schweiz aufgenommen. Your browser does not support the video tag. &#8211; Weltweit werden Tiere ausgebeutet, nicht nur f\u00fcr Nahrung, sondern auch f\u00fcr&#8230;<\/p>\n<p class=\"read-more\"><a class=\"btn btn-default\" href=\"https:\/\/advocatesforanimals.ch\/justice\/\"> Lesen Sie mehr<span class=\"screen-reader-text\">  Lesen Sie mehr<\/span><\/a><\/p>\n","protected":false},"author":1,"featured_media":0,"parent":0,"menu_order":0,"comment_status":"closed","ping_status":"closed","template":"","meta":{"footnotes":""},"class_list":["post-188","page","type-page","status-publish","hentry"],"yoast_head":"<!-- This site is optimized with the Yoast SEO plugin v27.0 - https:\/\/yoast.com\/product\/yoast-seo-wordpress\/ -->\n<title>A4A Advocates for Animals - Gr\u00fcnde f\u00fcr den Veganismus.<\/title>\n<meta name=\"description\" content=\"Dokumentationen, B\u00fccher usw. welche dir belegen das die Tierausbeutung eine Globale Kriese ist. Finde heraus warum du Vegan leben solltest.\" \/>\n<meta name=\"robots\" content=\"index, follow, max-snippet:-1, max-image-preview:large, max-video-preview:-1\" \/>\n<link rel=\"canonical\" href=\"https:\/\/advocatesforanimals.ch\/justice\/\" \/>\n<meta property=\"og:locale\" content=\"de_DE\" \/>\n<meta property=\"og:type\" content=\"article\" \/>\n<meta property=\"og:title\" content=\"A4A Advocates for Animals - Gr\u00fcnde f\u00fcr den Veganismus.\" \/>\n<meta property=\"og:description\" content=\"Dokumentationen, B\u00fccher usw. welche dir belegen das die Tierausbeutung eine Globale Kriese ist. Finde heraus warum du Vegan leben solltest.\" \/>\n<meta property=\"og:url\" content=\"https:\/\/advocatesforanimals.ch\/justice\/\" \/>\n<meta property=\"og:site_name\" content=\"A4A Justice\" \/>\n<meta property=\"article:publisher\" content=\"https:\/\/www.facebook.com\/A4A-Advocates-for-Animals-112402250512475\" \/>\n<meta property=\"article:modified_time\" content=\"2022-02-25T06:56:55+00:00\" \/>\n<meta property=\"og:image\" content=\"https:\/\/advocatesforanimals.ch\/justice\/wp-content\/uploads\/sites\/2\/2021\/04\/warum.png\" \/>\n\t<meta property=\"og:image:width\" content=\"522\" \/>\n\t<meta property=\"og:image:height\" content=\"400\" \/>\n\t<meta property=\"og:image:type\" content=\"image\/png\" \/>\n<meta name=\"twitter:card\" content=\"summary_large_image\" \/>\n<meta name=\"twitter:title\" content=\"A4A Advocates for Animals - Gr\u00fcnde f\u00fcr den Veganismus.\" \/>\n<meta name=\"twitter:description\" content=\"Dokumentationen, B\u00fccher usw. welche dir belegen das die Tierausbeutung eine Globale Kriese ist. Finde heraus warum du Vegan leben solltest.\" \/>\n<meta name=\"twitter:image\" content=\"https:\/\/advocatesforanimals.ch\/justice\/wp-content\/uploads\/sites\/2\/2021\/04\/warum.png\" \/>\n<meta name=\"twitter:label1\" content=\"Gesch\u00e4tzte Lesezeit\" \/>\n\t<meta name=\"twitter:data1\" content=\"3\u00a0Minuten\" \/>\n<script type=\"application\/ld+json\" class=\"yoast-schema-graph\">{\"@context\":\"https:\/\/schema.org\",\"@graph\":[{\"@type\":\"WebPage\",\"@id\":\"https:\/\/advocatesforanimals.ch\/justice\/\",\"url\":\"https:\/\/advocatesforanimals.ch\/justice\/\",\"name\":\"A4A Advocates for Animals - Gr\u00fcnde f\u00fcr den Veganismus.\",\"isPartOf\":{\"@id\":\"https:\/\/advocatesforanimals.ch\/justice\/#website\"},\"primaryImageOfPage\":{\"@id\":\"https:\/\/advocatesforanimals.ch\/justice\/#primaryimage\"},\"image\":{\"@id\":\"https:\/\/advocatesforanimals.ch\/justice\/#primaryimage\"},\"thumbnailUrl\":\"https:\/\/advocatesforanimals.ch\/justice\/wp-content\/uploads\/sites\/2\/2020\/12\/Whatthehealth.jpg\",\"datePublished\":\"2020-11-29T19:47:39+00:00\",\"dateModified\":\"2022-02-25T06:56:55+00:00\",\"description\":\"Dokumentationen, B\u00fccher usw. welche dir belegen das die Tierausbeutung eine Globale Kriese ist. Finde heraus warum du Vegan leben solltest.\",\"inLanguage\":\"de\",\"potentialAction\":[{\"@type\":\"ReadAction\",\"target\":[\"https:\/\/advocatesforanimals.ch\/justice\/\"]}]},{\"@type\":\"ImageObject\",\"inLanguage\":\"de\",\"@id\":\"https:\/\/advocatesforanimals.ch\/justice\/#primaryimage\",\"url\":\"https:\/\/advocatesforanimals.ch\/justice\/wp-content\/uploads\/sites\/2\/2020\/12\/Whatthehealth.jpg\",\"contentUrl\":\"https:\/\/advocatesforanimals.ch\/justice\/wp-content\/uploads\/sites\/2\/2020\/12\/Whatthehealth.jpg\",\"width\":1000,\"height\":588},{\"@type\":\"WebSite\",\"@id\":\"https:\/\/advocatesforanimals.ch\/justice\/#website\",\"url\":\"https:\/\/advocatesforanimals.ch\/justice\/\",\"name\":\"A4A Justice\",\"description\":\"\",\"publisher\":{\"@id\":\"https:\/\/advocatesforanimals.ch\/justice\/#organization\"},\"potentialAction\":[{\"@type\":\"SearchAction\",\"target\":{\"@type\":\"EntryPoint\",\"urlTemplate\":\"https:\/\/advocatesforanimals.ch\/justice\/?s={search_term_string}\"},\"query-input\":{\"@type\":\"PropertyValueSpecification\",\"valueRequired\":true,\"valueName\":\"search_term_string\"}}],\"inLanguage\":\"de\"},{\"@type\":\"Organization\",\"@id\":\"https:\/\/advocatesforanimals.ch\/justice\/#organization\",\"name\":\"ADVOCATES FOR ANIMALS\",\"url\":\"https:\/\/advocatesforanimals.ch\/justice\/\",\"logo\":{\"@type\":\"ImageObject\",\"inLanguage\":\"de\",\"@id\":\"https:\/\/advocatesforanimals.ch\/justice\/#\/schema\/logo\/image\/\",\"url\":\"https:\/\/advocatesforanimals.ch\/justice\/wp-content\/uploads\/sites\/2\/2020\/07\/A4A_Logo.jpg\",\"contentUrl\":\"https:\/\/advocatesforanimals.ch\/justice\/wp-content\/uploads\/sites\/2\/2020\/07\/A4A_Logo.jpg\",\"width\":842,\"height\":596,\"caption\":\"ADVOCATES FOR ANIMALS\"},\"image\":{\"@id\":\"https:\/\/advocatesforanimals.ch\/justice\/#\/schema\/logo\/image\/\"},\"sameAs\":[\"https:\/\/www.facebook.com\/A4A-Advocates-for-Animals-112402250512475\",\"https:\/\/www.instagram.com\/a4a_advocates_for_animals\/\"]}]}<\/script>\n<!-- \/ Yoast SEO plugin. -->","yoast_head_json":{"title":"A4A Advocates for Animals - Gr\u00fcnde f\u00fcr den Veganismus.","description":"Dokumentationen, B\u00fccher usw. welche dir belegen das die Tierausbeutung eine Globale Kriese ist. Finde heraus warum du Vegan leben solltest.","robots":{"index":"index","follow":"follow","max-snippet":"max-snippet:-1","max-image-preview":"max-image-preview:large","max-video-preview":"max-video-preview:-1"},"canonical":"https:\/\/advocatesforanimals.ch\/justice\/","og_locale":"de_DE","og_type":"article","og_title":"A4A Advocates for Animals - Gr\u00fcnde f\u00fcr den Veganismus.","og_description":"Dokumentationen, B\u00fccher usw. welche dir belegen das die Tierausbeutung eine Globale Kriese ist. Finde heraus warum du Vegan leben solltest.","og_url":"https:\/\/advocatesforanimals.ch\/justice\/","og_site_name":"A4A Justice","article_publisher":"https:\/\/www.facebook.com\/A4A-Advocates-for-Animals-112402250512475","article_modified_time":"2022-02-25T06:56:55+00:00","og_image":[{"width":522,"height":400,"url":"https:\/\/advocatesforanimals.ch\/justice\/wp-content\/uploads\/sites\/2\/2021\/04\/warum.png","type":"image\/png"}],"twitter_card":"summary_large_image","twitter_title":"A4A Advocates for Animals - Gr\u00fcnde f\u00fcr den Veganismus.","twitter_description":"Dokumentationen, B\u00fccher usw. welche dir belegen das die Tierausbeutung eine Globale Kriese ist. Finde heraus warum du Vegan leben solltest.","twitter_image":"https:\/\/advocatesforanimals.ch\/justice\/wp-content\/uploads\/sites\/2\/2021\/04\/warum.png","twitter_misc":{"Gesch\u00e4tzte Lesezeit":"3\u00a0Minuten"},"schema":{"@context":"https:\/\/schema.org","@graph":[{"@type":"WebPage","@id":"https:\/\/advocatesforanimals.ch\/justice\/","url":"https:\/\/advocatesforanimals.ch\/justice\/","name":"A4A Advocates for Animals - Gr\u00fcnde f\u00fcr den Veganismus.","isPartOf":{"@id":"https:\/\/advocatesforanimals.ch\/justice\/#website"},"primaryImageOfPage":{"@id":"https:\/\/advocatesforanimals.ch\/justice\/#primaryimage"},"image":{"@id":"https:\/\/advocatesforanimals.ch\/justice\/#primaryimage"},"thumbnailUrl":"https:\/\/advocatesforanimals.ch\/justice\/wp-content\/uploads\/sites\/2\/2020\/12\/Whatthehealth.jpg","datePublished":"2020-11-29T19:47:39+00:00","dateModified":"2022-02-25T06:56:55+00:00","description":"Dokumentationen, B\u00fccher usw. welche dir belegen das die Tierausbeutung eine Globale Kriese ist. Finde heraus warum du Vegan leben solltest.","inLanguage":"de","potentialAction":[{"@type":"ReadAction","target":["https:\/\/advocatesforanimals.ch\/justice\/"]}]},{"@type":"ImageObject","inLanguage":"de","@id":"https:\/\/advocatesforanimals.ch\/justice\/#primaryimage","url":"https:\/\/advocatesforanimals.ch\/justice\/wp-content\/uploads\/sites\/2\/2020\/12\/Whatthehealth.jpg","contentUrl":"https:\/\/advocatesforanimals.ch\/justice\/wp-content\/uploads\/sites\/2\/2020\/12\/Whatthehealth.jpg","width":1000,"height":588},{"@type":"WebSite","@id":"https:\/\/advocatesforanimals.ch\/justice\/#website","url":"https:\/\/advocatesforanimals.ch\/justice\/","name":"A4A Justice","description":"","publisher":{"@id":"https:\/\/advocatesforanimals.ch\/justice\/#organization"},"potentialAction":[{"@type":"SearchAction","target":{"@type":"EntryPoint","urlTemplate":"https:\/\/advocatesforanimals.ch\/justice\/?s={search_term_string}"},"query-input":{"@type":"PropertyValueSpecification","valueRequired":true,"valueName":"search_term_string"}}],"inLanguage":"de"},{"@type":"Organization","@id":"https:\/\/advocatesforanimals.ch\/justice\/#organization","name":"ADVOCATES FOR ANIMALS","url":"https:\/\/advocatesforanimals.ch\/justice\/","logo":{"@type":"ImageObject","inLanguage":"de","@id":"https:\/\/advocatesforanimals.ch\/justice\/#\/schema\/logo\/image\/","url":"https:\/\/advocatesforanimals.ch\/justice\/wp-content\/uploads\/sites\/2\/2020\/07\/A4A_Logo.jpg","contentUrl":"https:\/\/advocatesforanimals.ch\/justice\/wp-content\/uploads\/sites\/2\/2020\/07\/A4A_Logo.jpg","width":842,"height":596,"caption":"ADVOCATES FOR ANIMALS"},"image":{"@id":"https:\/\/advocatesforanimals.ch\/justice\/#\/schema\/logo\/image\/"},"sameAs":["https:\/\/www.facebook.com\/A4A-Advocates-for-Animals-112402250512475","https:\/\/www.instagram.com\/a4a_advocates_for_animals\/"]}]}},"jetpack_sharing_enabled":true,"_links":{"self":[{"href":"https:\/\/advocatesforanimals.ch\/justice\/wp-json\/wp\/v2\/pages\/188","targetHints":{"allow":["GET"]}}],"collection":[{"href":"https:\/\/advocatesforanimals.ch\/justice\/wp-json\/wp\/v2\/pages"}],"about":[{"href":"https:\/\/advocatesforanimals.ch\/justice\/wp-json\/wp\/v2\/types\/page"}],"author":[{"embeddable":true,"href":"https:\/\/advocatesforanimals.ch\/justice\/wp-json\/wp\/v2\/users\/1"}],"replies":[{"embeddable":true,"href":"https:\/\/advocatesforanimals.ch\/justice\/wp-json\/wp\/v2\/comments?post=188"}],"version-history":[{"count":109,"href":"https:\/\/advocatesforanimals.ch\/justice\/wp-json\/wp\/v2\/pages\/188\/revisions"}],"predecessor-version":[{"id":528,"href":"https:\/\/advocatesforanimals.ch\/justice\/wp-json\/wp\/v2\/pages\/188\/revisions\/528"}],"wp:attachment":[{"href":"https:\/\/advocatesforanimals.ch\/justice\/wp-json\/wp\/v2\/media?parent=188"}],"curies":[{"name":"wp","href":"https:\/\/api.w.org\/{rel}","templated":true}]}}