
{"id":87,"date":"2020-08-09T21:26:52","date_gmt":"2020-08-09T19:26:52","guid":{"rendered":"https:\/\/advocatesforanimals.ch\/justice\/?page_id=87"},"modified":"2022-02-25T08:43:42","modified_gmt":"2022-02-25T07:43:42","slug":"impressum","status":"publish","type":"page","link":"https:\/\/advocatesforanimals.ch\/justice\/impressum\/","title":{"rendered":"Impressum"},"content":{"rendered":"\n<h3 class=\"wp-block-heading\">Advocates for Animals ist ein Verein<\/h3>\n\n\n\n<p class=\"has-normal-font-size\">Gian Albertin<br>Neue Schulstrasse 1<br>8413 Neftenbach (CH)<br>+41 78 762 65 01<br>info@advocatesforanimals.ch<\/p>\n\n\n\n<h4 class=\"wp-block-heading\">Vorstandsmitglieder:<\/h4>\n\n\n\n<ul class=\"wp-block-list\"><li>Gian Albertin<\/li><li>Christof Stelz<\/li><li>Pascal Egger<\/li><li>Antonella Bergamin<\/li><\/ul>\n\n\n\n<h4 class=\"wp-block-heading\" id=\"block-e73c9369-7728-4a1c-8e46-30c74dd5b0e3\">Webentwicklung:<\/h4>\n\n\n\n<p>Mario Silvestri <a href=\"mailto:admin@advocatesforanimals.ch\">admin@advocatesforanimals.ch<\/a><\/p>\n\n\n\n<h3 class=\"wp-block-heading\">Wir haben beschlossen, keine Spenden anzunehmen.<\/h3>\n\n\n\n<hr class=\"wp-block-separator\"\/>\n\n\n\n<h4 class=\"wp-block-heading\">Du m\u00f6chtest uns etwas mitteilen?<\/h4>\n\n\n\n<p>F\u00fclle das Formular aus und wir versuchen so schnell wie m\u00f6glich, zu antworten.<\/p>\n\n\n\n<div class=\"wp-block-contact-form-7-contact-form-selector\">\n<div class=\"wpcf7 no-js\" id=\"wpcf7-f199-o1\" lang=\"de-DE\" dir=\"ltr\" data-wpcf7-id=\"199\">\n<div class=\"screen-reader-response\"><p role=\"status\" aria-live=\"polite\" aria-atomic=\"true\"><\/p> <ul><\/ul><\/div>\n<form action=\"\/justice\/wp-json\/wp\/v2\/pages\/87#wpcf7-f199-o1\" method=\"post\" class=\"wpcf7-form init\" aria-label=\"Kontaktformular\" novalidate=\"novalidate\" data-status=\"init\">\n<fieldset class=\"hidden-fields-container\"><input type=\"hidden\" name=\"_wpcf7\" value=\"199\" \/><input type=\"hidden\" name=\"_wpcf7_version\" value=\"6.1.5\" \/><input type=\"hidden\" name=\"_wpcf7_locale\" value=\"de_DE\" \/><input type=\"hidden\" name=\"_wpcf7_unit_tag\" value=\"wpcf7-f199-o1\" \/><input type=\"hidden\" name=\"_wpcf7_container_post\" value=\"0\" \/><input type=\"hidden\" name=\"_wpcf7_posted_data_hash\" value=\"\" \/><input type=\"hidden\" name=\"_wpcf7_recaptcha_response\" value=\"\" \/>\n<\/fieldset>\n<p><label> Dein Name<br \/>\n<span class=\"wpcf7-form-control-wrap\" data-name=\"your-name\"><input size=\"40\" maxlength=\"400\" class=\"wpcf7-form-control wpcf7-text wpcf7-validates-as-required\" aria-required=\"true\" aria-invalid=\"false\" value=\"\" type=\"text\" name=\"your-name\" \/><\/span> <\/label>\n<\/p>\n<p><label> Deine E-Mail-Adresse<br \/>\n<span class=\"wpcf7-form-control-wrap\" data-name=\"your-email\"><input size=\"40\" maxlength=\"400\" class=\"wpcf7-form-control wpcf7-email wpcf7-validates-as-required wpcf7-text wpcf7-validates-as-email\" aria-required=\"true\" aria-invalid=\"false\" value=\"\" type=\"email\" name=\"your-email\" \/><\/span> <\/label>\n<\/p>\n<p><label> Deine Nachricht<br \/>\n<span class=\"wpcf7-form-control-wrap\" data-name=\"your-message\"><textarea cols=\"40\" rows=\"10\" maxlength=\"2000\" class=\"wpcf7-form-control wpcf7-textarea wpcf7-validates-as-required\" aria-required=\"true\" aria-invalid=\"false\" name=\"your-message\"><\/textarea><\/span> <\/label>\n<\/p>\n<p><input class=\"wpcf7-form-control wpcf7-submit has-spinner\" type=\"submit\" value=\"Senden\" \/>\n<\/p><div class=\"wpcf7-response-output\" aria-hidden=\"true\"><\/div>\n<\/form>\n<\/div>\n<\/div>\n\n\n\n<small>This site is protected by reCAPTCHA and the Google \n    <a href=\"https:\/\/policies.google.com\/privacy\">Privacy Policy<\/a> and\n    <a href=\"https:\/\/policies.google.com\/terms\">Terms of Service<\/a> apply.\n<\/small>\n","protected":false},"excerpt":{"rendered":"<p>Advocates for Animals ist ein Verein Gian AlbertinNeue Schulstrasse 18413 Neftenbach (CH)+41 78 762 65 01info@advocatesforanimals.ch Vorstandsmitglieder: Gian Albertin Christof Stelz Pascal Egger Antonella Bergamin Webentwicklung: Mario Silvestri admin@advocatesforanimals.ch Wir haben beschlossen, keine Spenden anzunehmen. Du m\u00f6chtest uns etwas mitteilen? F\u00fclle das Formular aus und wir versuchen so schnell wie m\u00f6glich, zu antworten. This&#8230;<\/p>\n<p class=\"read-more\"><a class=\"btn btn-default\" href=\"https:\/\/advocatesforanimals.ch\/justice\/impressum\/\"> Lesen Sie mehr<span class=\"screen-reader-text\">  Lesen Sie mehr<\/span><\/a><\/p>\n","protected":false},"author":1,"featured_media":0,"parent":0,"menu_order":0,"comment_status":"closed","ping_status":"closed","template":"","meta":{"footnotes":""},"class_list":["post-87","page","type-page","status-publish","hentry"],"yoast_head":"<!-- This site is optimized with the Yoast SEO plugin v27.4 - https:\/\/yoast.com\/product\/yoast-seo-wordpress\/ -->\n<title>Impressum &#8226; A4A Justice<\/title>\n<meta name=\"description\" content=\"Impressum\" \/>\n<meta name=\"robots\" content=\"index, follow, max-snippet:-1, max-image-preview:large, max-video-preview:-1\" \/>\n<link rel=\"canonical\" href=\"https:\/\/advocatesforanimals.ch\/justice\/impressum\/\" \/>\n<meta property=\"og:locale\" content=\"de_DE\" \/>\n<meta property=\"og:type\" content=\"article\" \/>\n<meta property=\"og:title\" content=\"Impressum &#8226; A4A Justice\" \/>\n<meta property=\"og:description\" content=\"Impressum\" \/>\n<meta property=\"og:url\" content=\"https:\/\/advocatesforanimals.ch\/justice\/impressum\/\" \/>\n<meta property=\"og:site_name\" content=\"A4A Justice\" \/>\n<meta property=\"article:publisher\" content=\"https:\/\/www.facebook.com\/A4A-Advocates-for-Animals-112402250512475\" \/>\n<meta property=\"article:modified_time\" content=\"2022-02-25T07:43:42+00:00\" \/>\n<meta property=\"og:image\" content=\"https:\/\/advocatesforanimals.ch\/justice\/wp-content\/uploads\/sites\/2\/2020\/07\/avatar.jpg\" \/>\n\t<meta property=\"og:image:width\" content=\"350\" \/>\n\t<meta property=\"og:image:height\" content=\"350\" \/>\n\t<meta property=\"og:image:type\" content=\"image\/jpeg\" \/>\n<meta name=\"twitter:card\" content=\"summary_large_image\" \/>\n<meta name=\"twitter:label1\" content=\"Gesch\u00e4tzte Lesezeit\" \/>\n\t<meta name=\"twitter:data1\" content=\"1\u00a0Minute\" \/>\n<script type=\"application\/ld+json\" class=\"yoast-schema-graph\">{\"@context\":\"https:\\\/\\\/schema.org\",\"@graph\":[{\"@type\":\"WebPage\",\"@id\":\"https:\\\/\\\/advocatesforanimals.ch\\\/justice\\\/impressum\\\/\",\"url\":\"https:\\\/\\\/advocatesforanimals.ch\\\/justice\\\/impressum\\\/\",\"name\":\"Impressum &#8226; A4A Justice\",\"isPartOf\":{\"@id\":\"https:\\\/\\\/advocatesforanimals.ch\\\/justice\\\/#website\"},\"datePublished\":\"2020-08-09T19:26:52+00:00\",\"dateModified\":\"2022-02-25T07:43:42+00:00\",\"description\":\"Impressum\",\"inLanguage\":\"de\",\"potentialAction\":[{\"@type\":\"ReadAction\",\"target\":[\"https:\\\/\\\/advocatesforanimals.ch\\\/justice\\\/impressum\\\/\"]}]},{\"@type\":\"WebSite\",\"@id\":\"https:\\\/\\\/advocatesforanimals.ch\\\/justice\\\/#website\",\"url\":\"https:\\\/\\\/advocatesforanimals.ch\\\/justice\\\/\",\"name\":\"A4A Justice\",\"description\":\"\",\"publisher\":{\"@id\":\"https:\\\/\\\/advocatesforanimals.ch\\\/justice\\\/#organization\"},\"potentialAction\":[{\"@type\":\"SearchAction\",\"target\":{\"@type\":\"EntryPoint\",\"urlTemplate\":\"https:\\\/\\\/advocatesforanimals.ch\\\/justice\\\/?s={search_term_string}\"},\"query-input\":{\"@type\":\"PropertyValueSpecification\",\"valueRequired\":true,\"valueName\":\"search_term_string\"}}],\"inLanguage\":\"de\"},{\"@type\":\"Organization\",\"@id\":\"https:\\\/\\\/advocatesforanimals.ch\\\/justice\\\/#organization\",\"name\":\"ADVOCATES FOR ANIMALS\",\"url\":\"https:\\\/\\\/advocatesforanimals.ch\\\/justice\\\/\",\"logo\":{\"@type\":\"ImageObject\",\"inLanguage\":\"de\",\"@id\":\"https:\\\/\\\/advocatesforanimals.ch\\\/justice\\\/#\\\/schema\\\/logo\\\/image\\\/\",\"url\":\"https:\\\/\\\/advocatesforanimals.ch\\\/justice\\\/wp-content\\\/uploads\\\/sites\\\/2\\\/2020\\\/07\\\/A4A_Logo.jpg\",\"contentUrl\":\"https:\\\/\\\/advocatesforanimals.ch\\\/justice\\\/wp-content\\\/uploads\\\/sites\\\/2\\\/2020\\\/07\\\/A4A_Logo.jpg\",\"width\":842,\"height\":596,\"caption\":\"ADVOCATES FOR ANIMALS\"},\"image\":{\"@id\":\"https:\\\/\\\/advocatesforanimals.ch\\\/justice\\\/#\\\/schema\\\/logo\\\/image\\\/\"},\"sameAs\":[\"https:\\\/\\\/www.facebook.com\\\/A4A-Advocates-for-Animals-112402250512475\",\"https:\\\/\\\/www.instagram.com\\\/a4a_advocates_for_animals\\\/\"]}]}<\/script>\n<!-- \/ Yoast SEO plugin. -->","yoast_head_json":{"title":"Impressum &#8226; A4A Justice","description":"Impressum","robots":{"index":"index","follow":"follow","max-snippet":"max-snippet:-1","max-image-preview":"max-image-preview:large","max-video-preview":"max-video-preview:-1"},"canonical":"https:\/\/advocatesforanimals.ch\/justice\/impressum\/","og_locale":"de_DE","og_type":"article","og_title":"Impressum &#8226; A4A Justice","og_description":"Impressum","og_url":"https:\/\/advocatesforanimals.ch\/justice\/impressum\/","og_site_name":"A4A Justice","article_publisher":"https:\/\/www.facebook.com\/A4A-Advocates-for-Animals-112402250512475","article_modified_time":"2022-02-25T07:43:42+00:00","og_image":[{"width":350,"height":350,"url":"https:\/\/advocatesforanimals.ch\/justice\/wp-content\/uploads\/sites\/2\/2020\/07\/avatar.jpg","type":"image\/jpeg"}],"twitter_card":"summary_large_image","twitter_misc":{"Gesch\u00e4tzte Lesezeit":"1\u00a0Minute"},"schema":{"@context":"https:\/\/schema.org","@graph":[{"@type":"WebPage","@id":"https:\/\/advocatesforanimals.ch\/justice\/impressum\/","url":"https:\/\/advocatesforanimals.ch\/justice\/impressum\/","name":"Impressum &#8226; A4A Justice","isPartOf":{"@id":"https:\/\/advocatesforanimals.ch\/justice\/#website"},"datePublished":"2020-08-09T19:26:52+00:00","dateModified":"2022-02-25T07:43:42+00:00","description":"Impressum","inLanguage":"de","potentialAction":[{"@type":"ReadAction","target":["https:\/\/advocatesforanimals.ch\/justice\/impressum\/"]}]},{"@type":"WebSite","@id":"https:\/\/advocatesforanimals.ch\/justice\/#website","url":"https:\/\/advocatesforanimals.ch\/justice\/","name":"A4A Justice","description":"","publisher":{"@id":"https:\/\/advocatesforanimals.ch\/justice\/#organization"},"potentialAction":[{"@type":"SearchAction","target":{"@type":"EntryPoint","urlTemplate":"https:\/\/advocatesforanimals.ch\/justice\/?s={search_term_string}"},"query-input":{"@type":"PropertyValueSpecification","valueRequired":true,"valueName":"search_term_string"}}],"inLanguage":"de"},{"@type":"Organization","@id":"https:\/\/advocatesforanimals.ch\/justice\/#organization","name":"ADVOCATES FOR ANIMALS","url":"https:\/\/advocatesforanimals.ch\/justice\/","logo":{"@type":"ImageObject","inLanguage":"de","@id":"https:\/\/advocatesforanimals.ch\/justice\/#\/schema\/logo\/image\/","url":"https:\/\/advocatesforanimals.ch\/justice\/wp-content\/uploads\/sites\/2\/2020\/07\/A4A_Logo.jpg","contentUrl":"https:\/\/advocatesforanimals.ch\/justice\/wp-content\/uploads\/sites\/2\/2020\/07\/A4A_Logo.jpg","width":842,"height":596,"caption":"ADVOCATES FOR ANIMALS"},"image":{"@id":"https:\/\/advocatesforanimals.ch\/justice\/#\/schema\/logo\/image\/"},"sameAs":["https:\/\/www.facebook.com\/A4A-Advocates-for-Animals-112402250512475","https:\/\/www.instagram.com\/a4a_advocates_for_animals\/"]}]}},"jetpack_sharing_enabled":true,"_links":{"self":[{"href":"https:\/\/advocatesforanimals.ch\/justice\/wp-json\/wp\/v2\/pages\/87","targetHints":{"allow":["GET"]}}],"collection":[{"href":"https:\/\/advocatesforanimals.ch\/justice\/wp-json\/wp\/v2\/pages"}],"about":[{"href":"https:\/\/advocatesforanimals.ch\/justice\/wp-json\/wp\/v2\/types\/page"}],"author":[{"embeddable":true,"href":"https:\/\/advocatesforanimals.ch\/justice\/wp-json\/wp\/v2\/users\/1"}],"replies":[{"embeddable":true,"href":"https:\/\/advocatesforanimals.ch\/justice\/wp-json\/wp\/v2\/comments?post=87"}],"version-history":[{"count":28,"href":"https:\/\/advocatesforanimals.ch\/justice\/wp-json\/wp\/v2\/pages\/87\/revisions"}],"predecessor-version":[{"id":537,"href":"https:\/\/advocatesforanimals.ch\/justice\/wp-json\/wp\/v2\/pages\/87\/revisions\/537"}],"wp:attachment":[{"href":"https:\/\/advocatesforanimals.ch\/justice\/wp-json\/wp\/v2\/media?parent=87"}],"curies":[{"name":"wp","href":"https:\/\/api.w.org\/{rel}","templated":true}]}}